{"id":124,"date":"2026-01-21T14:30:09","date_gmt":"2026-01-21T17:30:09","guid":{"rendered":"http:\/\/raquelvolpi.arq.br\/?page_id=124"},"modified":"2026-02-19T15:18:15","modified_gmt":"2026-02-19T18:18:15","slug":"contato","status":"publish","type":"page","link":"https:\/\/raquelvolpi.arq.br\/index.php\/contato\/","title":{"rendered":"Contatos"},"content":{"rendered":"\n<div class=\"wp-block-group alignfull has-background-light-background-color has-background is-layout-constrained wp-container-core-group-is-layout-8 wp-block-group-is-layout-constrained\" style=\"padding-top:120px;padding-right:var(--wp--preset--spacing--50);padding-bottom:120px;padding-left:var(--wp--preset--spacing--50)\">\n<div class=\"wp-block-columns is-layout-flex wp-container-core-columns-is-layout-1 wp-block-columns-is-layout-flex\">\n<div class=\"wp-block-column is-layout-flow wp-block-column-is-layout-flow\" style=\"padding-bottom:40px;flex-basis:40%\">\n<h2 class=\"wp-block-heading has-medium-large-font-size\">Entre em contato ou agende uma visita: <\/h2>\n\n\n\n<p class=\"has-lead-font-size\"><\/p>\n\n\n\n<div class=\"wp-block-group is-vertical is-layout-flex wp-container-core-group-is-layout-7 wp-block-group-is-layout-flex\">\n<div class=\"wp-block-group is-nowrap is-layout-flex wp-container-core-group-is-layout-2 wp-block-group-is-layout-flex\">\n<figure class=\"wp-block-image size-large no-shrink\"><img decoding=\"async\" src=\"https:\/\/raquelvolpi.arq.br\/wp-content\/themes\/ona\/assets\/img\/studio\/mail-line.svg\" alt=\"\" class=\"wp-image-328\"\/><\/figure>\n\n\n\n<div class=\"wp-block-group is-layout-constrained wp-container-core-group-is-layout-1 wp-block-group-is-layout-constrained\">\n<h3 class=\"wp-block-heading has-lead-font-size\">E-mail<\/h3>\n\n\n\n<p><a href=\"mailto:hello@onaagency.com\">raquel@volpi.arq.br<\/a><\/p>\n<\/div>\n<\/div>\n\n\n\n<div class=\"wp-block-group is-nowrap is-layout-flex wp-container-core-group-is-layout-4 wp-block-group-is-layout-flex\">\n<figure class=\"wp-block-image size-large\"><img decoding=\"async\" src=\"https:\/\/raquelvolpi.arq.br\/wp-content\/themes\/ona\/assets\/img\/studio\/smartphone-line.svg\" alt=\"\" class=\"wp-image-330\"\/><\/figure>\n\n\n\n<div class=\"wp-block-group is-layout-constrained wp-container-core-group-is-layout-3 wp-block-group-is-layout-constrained\">\n<h3 class=\"wp-block-heading has-lead-font-size\">Fone<\/h3>\n\n\n\n<p><a href=\"tel:+551998167-8708\" data-type=\"tel\" data-id=\"tel:+551998167-8708\">(19) 98167-8708<\/a><\/p>\n<\/div>\n<\/div>\n\n\n\n<p><a href=\"https:\/\/wa.me\/5519981678708?text=Ol\u00e1!%20Vi%20seu%20site%20e%20gostaria%20de%20mais%20informa\u00e7\u00f5es.\"><strong>Whatsapp (falar agora)<\/strong><\/a><\/p>\n\n\n\n<div class=\"wp-block-group is-nowrap is-layout-flex wp-container-core-group-is-layout-6 wp-block-group-is-layout-flex\">\n<figure class=\"wp-block-image size-large\"><img decoding=\"async\" src=\"https:\/\/raquelvolpi.arq.br\/wp-content\/themes\/ona\/assets\/img\/studio\/map-pin-line.svg\" alt=\"\" class=\"wp-image-329\"\/><\/figure>\n\n\n\n<div class=\"wp-block-group is-layout-constrained wp-container-core-group-is-layout-5 wp-block-group-is-layout-constrained\">\n<h3 class=\"wp-block-heading has-lead-font-size\">Escrit\u00f3rio<\/h3>\n\n\n\n<p>Rua Alberto Santos Dumont, 1024- Sala 02<br>CEP 13334150 Cidade Nova I &#8211; Indaiatuba-SP<\/p>\n<\/div>\n<\/div>\n<\/div>\n<\/div>\n\n\n\n<div class=\"wp-block-column is-layout-flow wp-block-column-is-layout-flow\" style=\"flex-basis:60%\">\n<iframe src=\"https:\/\/www.google.com\/maps\/embed?pb=!1m18!1m12!1m3!1d4353.8028967606915!2d-47.212898923928364!3d-23.082998644193857!2m3!1f0!2f0!3f0!3m2!1i1024!2i768!4f13.1!3m3!1m2!1s0x94c8b5001d18e6bd%3A0xf4c180068f0b225d!2sRaquel%20Volpi%20Arquitetura!5e1!3m2!1spt-BR!2sbr!4v1769020359274!5m2!1spt-BR!2sbr\" width=\"600\" height=\"450\" style=\"border:0;\" allowfullscreen=\"\" loading=\"lazy\" referrerpolicy=\"no-referrer-when-downgrade\"><\/iframe>\n<\/div>\n<\/div>\n<\/div>\n\n\n\n<p><\/p>\n\n\n\n<p><\/p>\n\n\n\n<p><\/p>\n","protected":false},"excerpt":{"rendered":"<p>Entre em contato ou agende uma visita: E-mail raquel@volpi.arq.br Fone (19) 98167-8708 Whatsapp (falar agora) Escrit\u00f3rio Rua Alberto Santos Dumont, 1024- Sala 02CEP 13334150 Cidade Nova I &#8211; Indaiatuba-SP<\/p>\n","protected":false},"author":1,"featured_media":0,"parent":0,"menu_order":0,"comment_status":"closed","ping_status":"closed","template":"","meta":{"footnotes":""},"class_list":["post-124","page","type-page","status-publish","hentry"],"_links":{"self":[{"href":"https:\/\/raquelvolpi.arq.br\/index.php\/wp-json\/wp\/v2\/pages\/124","targetHints":{"allow":["GET"]}}],"collection":[{"href":"https:\/\/raquelvolpi.arq.br\/index.php\/wp-json\/wp\/v2\/pages"}],"about":[{"href":"https:\/\/raquelvolpi.arq.br\/index.php\/wp-json\/wp\/v2\/types\/page"}],"author":[{"embeddable":true,"href":"https:\/\/raquelvolpi.arq.br\/index.php\/wp-json\/wp\/v2\/users\/1"}],"replies":[{"embeddable":true,"href":"https:\/\/raquelvolpi.arq.br\/index.php\/wp-json\/wp\/v2\/comments?post=124"}],"version-history":[{"count":6,"href":"https:\/\/raquelvolpi.arq.br\/index.php\/wp-json\/wp\/v2\/pages\/124\/revisions"}],"predecessor-version":[{"id":204,"href":"https:\/\/raquelvolpi.arq.br\/index.php\/wp-json\/wp\/v2\/pages\/124\/revisions\/204"}],"wp:attachment":[{"href":"https:\/\/raquelvolpi.arq.br\/index.php\/wp-json\/wp\/v2\/media?parent=124"}],"curies":[{"name":"wp","href":"https:\/\/api.w.org\/{rel}","templated":true}]}}